{"id":743,"date":"2021-10-25T17:42:45","date_gmt":"2021-10-25T22:42:45","guid":{"rendered":"https:\/\/sehazamora.org.mx\/transparencia\/?page_id=743"},"modified":"2023-01-23T09:49:01","modified_gmt":"2023-01-23T15:49:01","slug":"art-43-cgt-seha","status":"publish","type":"page","link":"https:\/\/sehazamora.org.mx\/transparencia\/art-43-cgt-seha\/","title":{"rendered":"ART\u00cdCULO 43\u00ba Condiciones Generales de Trabajo-SEHAZAMORA"},"content":{"rendered":"\n<p class=\"has-text-align-center has-medium-font-size\"><strong>CAP\u00cdTULO VI<\/strong><br>PRESTACIONES ECONOMICAS Y PREVISI\u00d3N SOCIAL.<\/p>\n\n\n\n<p class=\"has-text-align-center has-medium-font-size\"><strong>ARTICULO 43.-<\/strong> EL \u201cAyuntamiento\u201d, se obliga a otorgar a los trabajadores<br>Sindicalizados a trav\u00e9s del Comit\u00e9 Ejecutivo o mediante el fideicomiso que<br>llegar\u00e1 a formarse; una ayuda econ\u00f3mica cuyo monto ascender\u00e1 a $39,000.00<br>(Treinta y Nueve Mil Pesos 00\/100 M.N.). En los siguientes casos y fechas:<\/p>\n\n\n\n<p class=\"has-text-align-center\" style=\"font-size:12px\"><strong>M\u00e9todo de selecci\u00f3n.- (Mediante n\u00famero de n\u00f3mina, se toman 39 personas de manera consecutiva)<\/strong><br><\/p>\n\n\n\n<p class=\"has-medium-font-size\"><br>1.- <strong>D\u00cdA DE REYES<\/strong> (6 de enero).<br>2.- <strong>D\u00cdA DEL AMOR Y DE LA AMISTAD<\/strong> (14 de febrero).<br>3.- <strong>D\u00cdA DEL NI\u00d1O<\/strong> (30 de abril)<br>4.- <strong>D\u00cdA DE LAS MADRES<\/strong> (10 de Mayo).<br>5.- <strong>D\u00cdA DEL PADRE <\/strong>(Mes de Junio).<br>6.- <strong>D\u00cdA DE LA SECRETARIA<\/strong> (Mes de Julio).<br><a href=\"https:\/\/sehazamora.org.mx\/file\/2023-01-23\/4848141865.jpg\">7<\/a>.- <strong>D\u00cdA DEL EMPLEADO MUNICIPAL<\/strong> (8 de Agosto).<br>8.- <strong>POSADA DEL SINDICATO DE EMPLEADO DEL AYUNTAMIENTO DE ZAMORA, MICHOAC\u00c1N, \u201cFRANCISCO J. M\u00daJICA<\/strong>\u201d (Mes de Diciembre).<br>9.- <strong>ANIVERSARIO DEL SINDICATO DE EMPLEADOS DEL AYUNTAMIENTO DE ZAMORA, MICHOAC\u00c1N \u201cFRANCISCO J. M\u00daJICA<\/strong>\u201d (31 de Diciembre).<\/p>\n\n\n\n<h3 class=\"has-text-align-center has-vivid-cyan-blue-color has-text-color has-large-font-size wp-block-heading\" id=\"2022\">2023<\/h3>\n\n\n\n<p class=\"has-vivid-green-cyan-color has-text-color\"><mark style=\"background-color:rgba(0, 0, 0, 0)\" class=\"has-inline-color has-vivid-purple-color\">Lista 1.- ART 43 CGT-SEHA.-<\/mark><strong> <strong><strong> <\/strong><\/strong>DIA DE REYES<strong><strong> <mark style=\"background-color:rgba(0, 0, 0, 0)\" class=\"has-inline-color has-vivid-red-color\">(6 de enero). <\/mark><\/strong><\/strong><\/strong><\/p>\n\n\n\n<p class=\"has-vivid-green-cyan-color has-text-color\"><mark style=\"background-color:rgba(0, 0, 0, 0)\" class=\"has-inline-color has-vivid-purple-color\">Lista 2.- ART 43 CGT-SEHA.-<\/mark><strong> <strong> <strong>DIA DEL AMOR Y DE LA AMISTAD<\/strong> <mark style=\"background-color:rgba(0, 0, 0, 0)\" class=\"has-inline-color has-vivid-red-color\">(14 de febrero). <\/mark><\/strong><\/strong>  <\/p>\n\n\n\n<p class=\"has-vivid-green-cyan-color has-text-color\"><mark style=\"background-color:rgba(0, 0, 0, 0)\" class=\"has-inline-color has-vivid-purple-color\">Lista 3.- ART 43 CGT-SEHA.-<\/mark><strong> <strong><strong>DIA DEL NI\u00d1O<\/strong> <\/strong><\/strong><mark style=\"background-color:rgba(0, 0, 0, 0)\" class=\"has-inline-color has-vivid-red-color\"><strong><strong>(30 de abril) <\/strong><\/strong> <\/mark><\/p>\n\n\n\n<p class=\"has-vivid-green-cyan-color has-text-color\"><mark style=\"background-color:rgba(0, 0, 0, 0)\" class=\"has-inline-color has-vivid-purple-color\">Lista 4.- ART 43 CGT-SEHA.<\/mark>&#8211;<strong> <strong>DIA DE LAS MADRES<\/strong> <mark style=\"background-color:rgba(0, 0, 0, 0)\" class=\"has-inline-color has-vivid-red-color\">(10 de Mayo).<\/mark> <\/strong> <\/p>\n\n\n\n<p class=\"has-vivid-green-cyan-color has-text-color\"><mark style=\"background-color:rgba(0, 0, 0, 0)\" class=\"has-inline-color has-vivid-purple-color\">Lista 5.- ART 43 CGT-SEHA.-<\/mark><strong> <strong>DIA DEL PADRE <\/strong><\/strong><mark style=\"background-color:rgba(0, 0, 0, 0)\" class=\"has-inline-color has-vivid-red-color\">(Mes de Junio). <\/mark>  <\/p>\n\n\n\n<p class=\"has-vivid-green-cyan-color has-text-color\"><mark style=\"background-color:rgba(0, 0, 0, 0)\" class=\"has-inline-color has-vivid-purple-color\">Lista 6.- ART 43 CGT-SEHA.-<\/mark> <strong>DIA DE LA SECRETARIA<\/strong> <mark style=\"background-color:rgba(0, 0, 0, 0)\" class=\"has-inline-color has-vivid-red-color\">(Mes de Julio). <\/mark> <\/p>\n\n\n\n<p class=\"has-text-align-left has-vivid-green-cyan-color has-text-color\"><mark style=\"background-color:rgba(0, 0, 0, 0)\" class=\"has-inline-color has-vivid-purple-color\">Lista 7.- ART 43 CGT-SEHA.-<\/mark>  <strong>D\u00cdA DEL EMPLEADO MUNICIPAL<\/strong> <mark style=\"background-color:rgba(0, 0, 0, 0)\" class=\"has-inline-color has-vivid-red-color\">(8 de Agosto). <\/mark><\/p>\n\n\n\n<p class=\"has-text-align-left has-vivid-green-cyan-color has-text-color\"><mark style=\"background-color:rgba(0, 0, 0, 0)\" class=\"has-inline-color has-vivid-purple-color\">Lista 8.- ART 43 CGT-SEHA.- <\/mark> <strong>POSADA DEL SINDICATO DE EMPLEADO DEL AYUNTAMIENTO DE ZAMORA, MICHOACAN, \u201cFRANCISCO J. MUJICA<\/strong>\u201d <mark style=\"background-color:rgba(0, 0, 0, 0)\" class=\"has-inline-color has-vivid-red-color\">(Mes de diciembre).<\/mark> <\/p>\n\n\n\n<p class=\"has-text-align-left has-vivid-green-cyan-color has-text-color\"><mark style=\"background-color:rgba(0, 0, 0, 0)\" class=\"has-inline-color has-vivid-purple-color\">Lista 9.- ART 43 CGT-SEHA.-<\/mark>  <strong>ANIVERSARIO DEL SINDICATO DE EMPLEADO DEL AYUNTAMIENTO DE ZAMORA, MICHOACAN, \u201cFRANCISCO J. MUJICA<\/strong>\u201d <mark style=\"background-color:rgba(0, 0, 0, 0)\" class=\"has-inline-color has-vivid-red-color\">(Mes de diciembre).<\/mark><\/p>\n\n\n\n<h2 class=\"has-text-align-center has-large-font-size wp-block-heading\" id=\"2022\">2022<\/h2>\n\n\n\n<p><mark style=\"background-color:rgba(0, 0, 0, 0)\" class=\"has-inline-color has-vivid-purple-color\">Lista 1.- ART 43 CGT-SEHA.-<\/mark><strong> <strong><strong> <strong><a href=\"https:\/\/sehazamora.org.mx\/file\/2022-01-05\/4140101684.jpg\">DIA DE REYES<\/a><\/strong> <mark style=\"background-color:rgba(0, 0, 0, 0)\" class=\"has-inline-color has-vivid-red-color\">(6 de enero). <\/mark><\/strong><\/strong><\/strong><\/p>\n\n\n\n<p><mark style=\"background-color:rgba(0, 0, 0, 0)\" class=\"has-inline-color has-vivid-purple-color\">Lista 2.- ART 43 CGT-SEHA.-<\/mark><strong> <strong> <strong><a href=\"https:\/\/sehazamora.org.mx\/file\/2022-02-17\/1110367178.jpg\">DIA DEL AMOR Y DE LA AMISTAD<\/a><\/strong> <mark style=\"background-color:rgba(0, 0, 0, 0)\" class=\"has-inline-color has-vivid-red-color\">(14 de febrero). <\/mark><\/strong><\/strong>  <\/p>\n\n\n\n<p><mark style=\"background-color:rgba(0, 0, 0, 0)\" class=\"has-inline-color has-vivid-purple-color\">Lista 3.- ART 43 CGT-SEHA.-<\/mark><strong> <strong><a href=\"https:\/\/sehazamora.org.mx\/file\/2022-04-26\/0008170109.jpg\"> <strong>DIA DEL NI\u00d1O<\/strong> <\/a><\/strong><\/strong><mark style=\"background-color:rgba(0, 0, 0, 0)\" class=\"has-inline-color has-vivid-red-color\"><strong><strong>(30 de abril) <\/strong><\/strong> <\/mark><\/p>\n\n\n\n<p><mark style=\"background-color:rgba(0, 0, 0, 0)\" class=\"has-inline-color has-vivid-purple-color\">Lista 4.- ART 43 CGT-SEHA.<\/mark>&#8211;<strong> <strong><a href=\"https:\/\/sehazamora.org.mx\/file\/2022-05-09\/1048472052.jpg\">DIA DE LAS MADRES<\/a><\/strong> <mark style=\"background-color:rgba(0, 0, 0, 0)\" class=\"has-inline-color has-vivid-red-color\">(10 de Mayo).<\/mark> <\/strong> <\/p>\n\n\n\n<p><mark style=\"background-color:rgba(0, 0, 0, 0)\" class=\"has-inline-color has-vivid-purple-color\">Lista 5.- ART 43 CGT-SEHA.-<\/mark><strong> <strong><a href=\"https:\/\/sehazamora.org.mx\/file\/2023-01-23\/4847772254.jpg\">DIA DEL PADRE<\/a> <\/strong><\/strong><mark style=\"background-color:rgba(0, 0, 0, 0)\" class=\"has-inline-color has-vivid-red-color\">(Mes de Junio). <\/mark>  <\/p>\n\n\n\n<p><mark style=\"background-color:rgba(0, 0, 0, 0)\" class=\"has-inline-color has-vivid-purple-color\">Lista 6.- ART 43 CGT-SEHA.-<\/mark> <strong><a href=\"https:\/\/sehazamora.org.mx\/file\/2023-01-23\/4847923532.jpg\">DIA DE LA SECRETARIA<\/a><\/strong> <mark style=\"background-color:rgba(0, 0, 0, 0)\" class=\"has-inline-color has-vivid-red-color\">(Mes de Julio). <\/mark> <\/p>\n\n\n\n<p class=\"has-text-align-left\"><mark style=\"background-color:rgba(0, 0, 0, 0)\" class=\"has-inline-color has-vivid-purple-color\">Lista 7.- ART 43 CGT-SEHA.-<\/mark>  <strong><a href=\"https:\/\/sehazamora.org.mx\/file\/2023-01-23\/4848141865.jpg\">D\u00cdA DEL EMPLEADO MUNICIPAL<\/a><\/strong> <mark style=\"background-color:rgba(0, 0, 0, 0)\" class=\"has-inline-color has-vivid-red-color\">(8 de Agosto). <\/mark><\/p>\n\n\n\n<p class=\"has-text-align-left\"><mark style=\"background-color:rgba(0, 0, 0, 0)\" class=\"has-inline-color has-vivid-purple-color\">Lista 8.- ART 43 CGT-SEHA.- <\/mark> <a href=\"https:\/\/sehazamora.org.mx\/file\/2023-01-23\/4848355338.jpg\"><strong>POSADA DEL SINDICATO DE EMPLEADO DEL AYUNTAMIENTO DE ZAMORA, MICHOACAN, \u201cFRANCISCO J. MUJICA<\/strong>\u201d<\/a> <mark style=\"background-color:rgba(0, 0, 0, 0)\" class=\"has-inline-color has-vivid-red-color\">(Mes de diciembre).<\/mark> <\/p>\n\n\n\n<p class=\"has-text-align-left\"><mark style=\"background-color:rgba(0, 0, 0, 0)\" class=\"has-inline-color has-vivid-purple-color\">Lista 9.- ART 43 CGT-SEHA.-<\/mark>  <a href=\"https:\/\/sehazamora.org.mx\/file\/2023-01-23\/4848707767.jpg\"><strong>ANIVERSARIO DEL SINDICATO DE EMPLEADO DEL AYUNTAMIENTO DE ZAMORA, MICHOACAN, \u201cFRANCISCO J. MUJICA<\/strong>\u201d<\/a> <mark style=\"background-color:rgba(0, 0, 0, 0)\" class=\"has-inline-color has-vivid-red-color\">(Mes de diciembre).<\/mark><\/p>\n\n\n\n<p class=\"has-text-align-center has-vivid-red-color has-text-color has-large-font-size\"><strong>2021<\/strong><\/p>\n\n\n\n<p> <a href=\"https:\/\/sehazamora.org.mx\/file\/2021-12-15\/9600660281.jpg\"> Lista 1.- ART 43 CGT-SEHA.-<strong> <strong><strong> <strong>DIA DE REYES<\/strong> (6 de enero). <\/strong><\/strong><\/strong><\/a><\/p>\n\n\n\n<p> <a href=\"https:\/\/sehazamora.org.mx\/file\/2021-12-15\/6005898485.jpg\">Lista 2.- ART 43 CGT-SEHA.-<strong> <strong> <strong>DIA DEL AMOR Y DE LA AMISTAD<\/strong> (14 de febrero).<\/strong><\/strong><\/a><strong><strong> <\/strong><\/strong>  <\/p>\n\n\n\n<p><a href=\"https:\/\/sehazamora.org.mx\/file\/2021-12-15\/6004564295.jpg\">Lista 3.- ART 43 CGT-SEHA.-<strong> <strong> <strong>DIA DEL NI\u00d1O<\/strong> (30 de abril) <\/strong><\/strong><\/a> <\/p>\n\n\n\n<p><a href=\"https:\/\/sehazamora.org.mx\/file\/2021-12-15\/6003518643.jpg\">Lista 4.- ART 43 CGT-SEHA.-<strong> <strong>DIA DE LAS MADRES<\/strong> (10 de Mayo)<\/strong><\/a><strong>. <\/strong> <\/p>\n\n\n\n<p><a href=\"https:\/\/sehazamora.org.mx\/file\/2021-12-15\/6001987302.jpg\"> Lista 5.- ART 43 CGT-SEHA.-<strong> <strong>DIA DEL PADRE <\/strong>(Mes de Junio).<\/strong><\/a><strong> <\/strong>  <\/p>\n\n\n\n<p><a rel=\"noreferrer noopener\" href=\"https:\/\/sehazamora.org.mx\/file\/2021-12-15\/5999540496.jpg\" target=\"_blank\">Lista 6.- ART 43 CGT-SEHA.- <strong>DIA DE LA SECRETARIA<\/strong> (Mes de Julio). <\/a> <\/p>\n\n\n\n<p class=\"has-text-align-left\"><a rel=\"noreferrer noopener\" href=\"https:\/\/sehazamora.org.mx\/file\/2021-10-28\/4437016111.jpeg\" target=\"_blank\">Lista 7.- ART 43 CGT-SEHA.-  <strong>D\u00cdA DEL EMPLEADO MUNICIPAL<\/strong> (8 de Agosto). <\/a><\/p>\n\n\n\n<p class=\"has-text-align-left\"><a rel=\"noreferrer noopener\" href=\"https:\/\/sehazamora.org.mx\/file\/2021-12-14\/5053874976.jpg\" target=\"_blank\">Lista 8.- ART 43 CGT-SEHA.-  <strong>POSADA DEL SINDICATO DE EMPLEADO DEL AYUNTAMIENTO DE ZAMORA, MICHOACAN, \u201cFRANCISCO J. MUJICA<\/strong>\u201d (Mes de diciembre).<\/a> <\/p>\n\n\n\n<p class=\"has-text-align-left\"><a rel=\"noreferrer noopener\" href=\"https:\/\/sehazamora.org.mx\/file\/2021-12-15\/5971711584.jpg\" target=\"_blank\">Lista 9.- ART 43 CGT-SEHA.-  <strong>ANIVERSARIO DEL SINDICATO DE EMPLEADO DEL AYUNTAMIENTO DE ZAMORA, MICHOACAN, \u201cFRANCISCO J. MUJICA<\/strong>\u201d (Mes de diciembre).<\/a><\/p>\n","protected":false},"excerpt":{"rendered":"<p>CAP\u00cdTULO VIPRESTACIONES ECONOMICAS Y PREVISI\u00d3N SOCIAL. ARTICULO 43.- EL \u201cAyuntamiento\u201d, se obliga a otorgar a los trabajadoresSindicalizados a trav\u00e9s del Comit\u00e9 Ejecutivo o mediante el fideicomiso quellegar\u00e1 a formarse; una&hellip;<\/p>\n","protected":false},"author":1,"featured_media":0,"parent":0,"menu_order":0,"comment_status":"closed","ping_status":"closed","template":"","meta":{"footnotes":""},"class_list":["post-743","page","type-page","status-publish","hentry"],"featured_image_src":null,"featured_image_src_square":null,"_links":{"self":[{"href":"https:\/\/sehazamora.org.mx\/transparencia\/wp-json\/wp\/v2\/pages\/743","targetHints":{"allow":["GET"]}}],"collection":[{"href":"https:\/\/sehazamora.org.mx\/transparencia\/wp-json\/wp\/v2\/pages"}],"about":[{"href":"https:\/\/sehazamora.org.mx\/transparencia\/wp-json\/wp\/v2\/types\/page"}],"author":[{"embeddable":true,"href":"https:\/\/sehazamora.org.mx\/transparencia\/wp-json\/wp\/v2\/users\/1"}],"replies":[{"embeddable":true,"href":"https:\/\/sehazamora.org.mx\/transparencia\/wp-json\/wp\/v2\/comments?post=743"}],"version-history":[{"count":25,"href":"https:\/\/sehazamora.org.mx\/transparencia\/wp-json\/wp\/v2\/pages\/743\/revisions"}],"predecessor-version":[{"id":1856,"href":"https:\/\/sehazamora.org.mx\/transparencia\/wp-json\/wp\/v2\/pages\/743\/revisions\/1856"}],"wp:attachment":[{"href":"https:\/\/sehazamora.org.mx\/transparencia\/wp-json\/wp\/v2\/media?parent=743"}],"curies":[{"name":"wp","href":"https:\/\/api.w.org\/{rel}","templated":true}]}}