{"id":740,"date":"2021-10-25T17:41:26","date_gmt":"2021-10-25T22:41:26","guid":{"rendered":"https:\/\/sehazamora.org.mx\/transparencia\/?page_id=740"},"modified":"2023-01-26T09:30:11","modified_gmt":"2023-01-26T15:30:11","slug":"empleados-del-mes","status":"publish","type":"page","link":"https:\/\/sehazamora.org.mx\/transparencia\/empleados-del-mes\/","title":{"rendered":"Empleados del Mes"},"content":{"rendered":"\n<p class=\"has-text-align-center has-large-font-size\"> <strong>ART\u00cdCULO 45<\/strong>.  <\/p>\n\n\n\n<p class=\"has-text-align-center\">El \u201cH. Ayuntamiento\u201d otorgar\u00e1 est\u00edmulos y recompensas a<br>sus trabajadores agremiados de \u201cEl Sindicato\u201d que se distingan por su<br>eficiencia, asistencia, honradez, constancia y servicios relevantes en el<br>desempe\u00f1o de sus labores, hasta 60 (sesenta) est\u00edmulos denominados<br>\u201cEmpleados del mes\u201d consistentes en la cantidad de $1,050.00 (Un Mil<br>Cincuenta pesos 00\/100 M.N) en vales de despensa, y $300.00 (Trescientos<br>Pesos 00\/100 M.N) en efectivo dentro del pago de la n\u00f3mina del empleado, este<br>est\u00edmulo se entregara en la segunda quincena o \u00faltima semana de cada mes, y<br>deber\u00e1 ser determinado en base a la productividad, desempe\u00f1o, puntualidad y a<br>empleados que no cuenten con faltas administrativas, ni retardos, ausencias<br>injustificadas y sea previamente validado por el Departamento de Recursos<br>Humanos.<br>De lo anterior, se dejar\u00e1 constancia en expediente personal del trabajador y se<br>notificar\u00e1 a \u201cEl Sindicato\u201d, para su conocimiento. La regulaci\u00f3n para en su caso<br>hacerse acreedor a la entrega de estos est\u00edmulos a quienes corresponda; se<br>realizar\u00e1 entre el Departamento de Recursos Humanos del \u201cH. Ayuntamiento\u201d<br>y \u201cEl Sindicato\u201d.<\/p>\n\n\n\n<h3 class=\"has-text-align-center wp-block-heading\" id=\"periodo-listado-por-mes\">Periodo-LISTADO por mes<\/h3>\n\n\n\n<p class=\"has-text-align-center has-large-font-size\"><strong><mark style=\"background-color:rgba(0, 0, 0, 0)\" class=\"has-inline-color has-vivid-red-color\">2023<\/mark><\/strong><\/p>\n\n\n\n<p><a href=\"https:\/\/sehazamora.org.mx\/file\/2023-01-26\/7469999784.jpg\">Enero 2023 &#8211; Empleado del mes<\/a><\/p>\n\n\n\n<p class=\"has-text-align-center has-large-font-size\"><mark style=\"background-color:rgba(0, 0, 0, 0)\" class=\"has-inline-color has-luminous-vivid-orange-color\"> <\/mark><strong><mark style=\"background-color:rgba(0, 0, 0, 0)\" class=\"has-inline-color has-light-green-cyan-color\">2022 <\/mark><\/strong><\/p>\n\n\n\n<p><a href=\"https:\/\/sehazamora.org.mx\/file\/2023-01-26\/7468637211.jpg\">Diciembre 2022 &#8211; Empleado del mes<\/a><\/p>\n\n\n\n<p><a href=\"https:\/\/sehazamora.org.mx\/file\/2023-01-26\/7467680971.jpg\">Noviembre 2022 &#8211; Empleado del mes<\/a><\/p>\n\n\n\n<p><a href=\"https:\/\/sehazamora.org.mx\/file\/2023-01-26\/7467472849.jpg\">Octubre 2022 &#8211; Empleado del mes<\/a><\/p>\n\n\n\n<p><a href=\"https:\/\/sehazamora.org.mx\/file\/2023-01-26\/7467289875.jpg\">Septiembre 2022 &#8211; Empleado del mes<\/a><\/p>\n\n\n\n<p><a href=\"https:\/\/sehazamora.org.mx\/file\/2023-01-26\/7467207178.jpg\">Agosto 2022 &#8211; Empleado del mes<\/a><\/p>\n\n\n\n<p><a href=\"https:\/\/sehazamora.org.mx\/file\/2023-01-26\/7467075943.jpg\">Julio 2022 &#8211; Empleado del mes<\/a><\/p>\n\n\n\n<p><a href=\"https:\/\/sehazamora.org.mx\/file\/2023-01-26\/7466865989.jpg\">Junio 2022 &#8211; Empleado del mes<\/a><\/p>\n\n\n\n<p><a href=\"https:\/\/sehazamora.org.mx\/file\/2023-01-26\/4746463978.jpg\">Mayo 2022 &#8211; Empleado del mes<\/a><\/p>\n\n\n\n<p><a href=\"https:\/\/sehazamora.org.mx\/file\/2022-05-09\/1044130862.jpg\">Abril 2022 &#8211; Empleado del mes<\/a><\/p>\n\n\n\n<p><a href=\"https:\/\/sehazamora.org.mx\/file\/2022-05-09\/1043058928.jpg\">Marzo 2022 &#8211; Empleado del mes<\/a><\/p>\n\n\n\n<p><a href=\"https:\/\/sehazamora.org.mx\/file\/2022-02-01\/7337380146.jpg\">Febrero 2022 &#8211; Empleado del mes<\/a><\/p>\n\n\n\n<p><a href=\"https:\/\/sehazamora.org.mx\/file\/2022-01-05\/4198220931.jpg\">Enero 2022 &#8211; Empleado del mes<\/a> <\/p>\n\n\n\n<p class=\"has-text-align-center has-large-font-size\"><strong><span class=\"has-inline-color has-luminous-vivid-orange-color\">2021<\/span><\/strong><\/p>\n\n\n\n<p><a href=\"https:\/\/sehazamora.org.mx\/file\/2022-04-26\/9991976889.jpg\">Diciembre 2021 &#8211; Empleado del mes<\/a><\/p>\n\n\n\n<p><a rel=\"noreferrer noopener\" href=\"https:\/\/sehazamora.org.mx\/file\/2021-11-30\/2993949168.jpg\" target=\"_blank\">Noviembre 2021 &#8211; Empleado del mes<\/a><\/p>\n\n\n\n<p><a rel=\"noreferrer noopener\" href=\"https:\/\/sehazamora.org.mx\/file\/2021-11-01\/7864999254.jpg\" target=\"_blank\">Octubre 2021 &#8211; Empleado del mes<\/a><\/p>\n\n\n\n<p><a rel=\"noreferrer noopener\" href=\"https:\/\/sehazamora.org.mx\/file\/2021-10-26\/2670338075.pdf\" target=\"_blank\">Septiembre 2021 \u2013 Empleados del mes<\/a><\/p>\n\n\n\n<p><a rel=\"noreferrer noopener\" href=\"https:\/\/sehazamora.org.mx\/file\/2021-10-26\/2669926818.pdf\" target=\"_blank\">Agosto 2021 \u2013 Empleados del mes<\/a><\/p>\n\n\n\n<p><\/p>\n","protected":false},"excerpt":{"rendered":"<p>ART\u00cdCULO 45. El \u201cH. Ayuntamiento\u201d otorgar\u00e1 est\u00edmulos y recompensas asus trabajadores agremiados de \u201cEl Sindicato\u201d que se distingan por sueficiencia, asistencia, honradez, constancia y servicios relevantes en eldesempe\u00f1o de sus&hellip;<\/p>\n","protected":false},"author":1,"featured_media":0,"parent":0,"menu_order":0,"comment_status":"closed","ping_status":"closed","template":"","meta":{"footnotes":""},"class_list":["post-740","page","type-page","status-publish","hentry"],"featured_image_src":null,"featured_image_src_square":null,"_links":{"self":[{"href":"https:\/\/sehazamora.org.mx\/transparencia\/wp-json\/wp\/v2\/pages\/740","targetHints":{"allow":["GET"]}}],"collection":[{"href":"https:\/\/sehazamora.org.mx\/transparencia\/wp-json\/wp\/v2\/pages"}],"about":[{"href":"https:\/\/sehazamora.org.mx\/transparencia\/wp-json\/wp\/v2\/types\/page"}],"author":[{"embeddable":true,"href":"https:\/\/sehazamora.org.mx\/transparencia\/wp-json\/wp\/v2\/users\/1"}],"replies":[{"embeddable":true,"href":"https:\/\/sehazamora.org.mx\/transparencia\/wp-json\/wp\/v2\/comments?post=740"}],"version-history":[{"count":16,"href":"https:\/\/sehazamora.org.mx\/transparencia\/wp-json\/wp\/v2\/pages\/740\/revisions"}],"predecessor-version":[{"id":1860,"href":"https:\/\/sehazamora.org.mx\/transparencia\/wp-json\/wp\/v2\/pages\/740\/revisions\/1860"}],"wp:attachment":[{"href":"https:\/\/sehazamora.org.mx\/transparencia\/wp-json\/wp\/v2\/media?parent=740"}],"curies":[{"name":"wp","href":"https:\/\/api.w.org\/{rel}","templated":true}]}}