{"id":5,"date":"2021-05-17T23:31:07","date_gmt":"2021-05-18T04:31:07","guid":{"rendered":"https:\/\/sehazamora.org.mx\/transparencia\/?page_id=5"},"modified":"2022-08-03T11:54:04","modified_gmt":"2022-08-03T16:54:04","slug":"inicio","status":"publish","type":"page","link":"https:\/\/sehazamora.org.mx\/transparencia\/","title":{"rendered":"Inicio"},"content":{"rendered":"\n<div class=\"wp-block-columns is-layout-flex wp-container-core-columns-is-layout-9d6595d7 wp-block-columns-is-layout-flex\">\n<div class=\"wp-block-column is-vertically-aligned-center is-layout-flow wp-block-column-is-layout-flow\" style=\"flex-basis:33.33%\"><div class=\"wp-block-image is-style-rounded\">\n<figure class=\"aligncenter size-large is-resized\"><img loading=\"lazy\" decoding=\"async\" src=\"https:\/\/sehazamora.org.mx\/transparencia\/wp-content\/uploads\/2021\/06\/roberto_leonardo_ochoa.jpg\" alt=\"ROBERTO LEONARDO OCHOA VEGA\" class=\"wp-image-96\" width=\"250\" height=\"250\"\/><\/figure>\n<\/div>\n\n\n<p class=\"has-text-align-center\"><strong>Roberto Leonardo Ochoa Vega<\/strong><\/p>\n\n\n\n<p class=\"has-text-align-center\">Secretario General<\/p>\n<\/div>\n\n\n\n<div class=\"wp-block-column is-layout-flow wp-block-column-is-layout-flow\" style=\"flex-basis:66.66%\">\n<h3 class=\"has-text-align-center wp-block-heading\">Bienvenido al portal de Transparencia del Sindicato de Empleados del H. Ayuntamiento de Zamora<\/h3>\n\n\n\n<h3 class=\"has-text-align-center wp-block-heading\">\u201cFrancisco J. M\u00fajica\u201d<\/h3>\n\n\n\n<p>Para nosotros representa un firme compromiso garantizar el derecho fundamental al acceso a la informaci\u00f3n p\u00fablica, refrendamos nuestro compromiso en generar una cultura de rendici\u00f3n de cuentas y un sindicato abierto para todos nuestros compa\u00f1eros sindicalizados, reconociendo que la transparencia representa un eje fundamental para garantizar la democracia; este sindicato se rige bajo los principios de certeza, eficacia, imparcialidad, independencia, legalidad, m\u00e1xima publicidad, objetividad, profesionalismo y transparencia.<\/p>\n\n\n\n<p>Aqu\u00ed encontrar\u00e1 la informaci\u00f3n p\u00fablica de oficio contemplada en los art\u00edculos 35, 44 y 45 de la Ley de Transparencia Acceso a Informaci\u00f3n P\u00fablica y Protecci\u00f3n de Datos Personales para el Estado de Michoac\u00e1n de Ocampo, ejercita tu derecho a estar informado.<\/p>\n\n\n\n<p>En atenci\u00f3n a la notificaci\u00f3n por parte de la COORDINACI\u00d3N DE INVESTIGACI\u00d3N Y CAPACITACI\u00d3N del INSTITUTO MICHOACANO DE TRANSPARENCIA ACCESO A LA INFORMACI\u00d3N Y PROTECCI\u00d3N DE DATOS PERSONALES con fecha 02 de Agosto de 2022; Ahora usted puede accesar a la informaci\u00f3n publica mediante el siguiente enlace URL:<\/p>\n\n\n<div class=\"wp-block-image\">\n<figure class=\"aligncenter size-medium\"><a href=\"https:\/\/consultapublicamx.plataformadetransparencia.org.mx\/vut-web\/?idSujetoObigadoParametro=18047&amp;idEntidadParametro=16&amp;idSectorParametro=20\" target=\"_blank\" rel=\"noreferrer noopener\"><img loading=\"lazy\" decoding=\"async\" width=\"300\" height=\"151\" src=\"https:\/\/sehazamora.org.mx\/transparencia\/wp-content\/uploads\/2022\/08\/ptn-300x151.png\" alt=\"\" class=\"wp-image-1844\" srcset=\"https:\/\/sehazamora.org.mx\/transparencia\/wp-content\/uploads\/2022\/08\/ptn-300x151.png 300w, https:\/\/sehazamora.org.mx\/transparencia\/wp-content\/uploads\/2022\/08\/ptn.png 400w\" sizes=\"auto, (max-width: 300px) 100vw, 300px\" \/><\/a><\/figure>\n<\/div>\n\n\n<p class=\"has-text-align-center\"><a href=\"https:\/\/consultapublicamx.plataformadetransparencia.org.mx\/vut-web\/?idSujetoObigadoParametro=18047&amp;idEntidadParametro=16&amp;idSectorParametro=20\" target=\"_blank\" rel=\"noreferrer noopener\">https:\/\/consultapublicamx.plataformadetransparencia.org.mx\/vut-web\/?idSujetoObigadoParametro=18047&amp;idEntidadParametro=16&amp;idSectorParametro=20<\/a><\/p>\n<\/div>\n<\/div>\n\n\n\n<p><\/p>\n","protected":false},"excerpt":{"rendered":"<p>Roberto Leonardo Ochoa Vega Secretario General Bienvenido al portal de Transparencia del Sindicato de Empleados del H. Ayuntamiento de Zamora \u201cFrancisco J. M\u00fajica\u201d Para nosotros representa un firme compromiso garantizar&hellip;<\/p>\n","protected":false},"author":1,"featured_media":0,"parent":0,"menu_order":0,"comment_status":"closed","ping_status":"closed","template":"","meta":{"footnotes":""},"class_list":["post-5","page","type-page","status-publish","hentry"],"featured_image_src":null,"featured_image_src_square":null,"_links":{"self":[{"href":"https:\/\/sehazamora.org.mx\/transparencia\/wp-json\/wp\/v2\/pages\/5","targetHints":{"allow":["GET"]}}],"collection":[{"href":"https:\/\/sehazamora.org.mx\/transparencia\/wp-json\/wp\/v2\/pages"}],"about":[{"href":"https:\/\/sehazamora.org.mx\/transparencia\/wp-json\/wp\/v2\/types\/page"}],"author":[{"embeddable":true,"href":"https:\/\/sehazamora.org.mx\/transparencia\/wp-json\/wp\/v2\/users\/1"}],"replies":[{"embeddable":true,"href":"https:\/\/sehazamora.org.mx\/transparencia\/wp-json\/wp\/v2\/comments?post=5"}],"version-history":[{"count":10,"href":"https:\/\/sehazamora.org.mx\/transparencia\/wp-json\/wp\/v2\/pages\/5\/revisions"}],"predecessor-version":[{"id":1845,"href":"https:\/\/sehazamora.org.mx\/transparencia\/wp-json\/wp\/v2\/pages\/5\/revisions\/1845"}],"wp:attachment":[{"href":"https:\/\/sehazamora.org.mx\/transparencia\/wp-json\/wp\/v2\/media?parent=5"}],"curies":[{"name":"wp","href":"https:\/\/api.w.org\/{rel}","templated":true}]}}